{"id":37,"date":"2025-05-06T23:16:32","date_gmt":"2025-05-06T23:16:32","guid":{"rendered":"https:\/\/shark360.com.co\/?page_id=37"},"modified":"2025-07-21T01:46:09","modified_gmt":"2025-07-21T01:46:09","slug":"our-work","status":"publish","type":"page","link":"https:\/\/shark360.com.co\/es\/our-work\/","title":{"rendered":"Nuestro Trabajo"},"content":{"rendered":"<div data-elementor-type=\"wp-page\" data-elementor-id=\"37\" class=\"elementor elementor-37\" data-elementor-post-type=\"page\">\n\t\t\t\t<div class=\"elementor-element elementor-element-13d7276 e-flex e-con-boxed e-con e-parent\" data-id=\"13d7276\" data-element_type=\"container\" data-e-type=\"container\">\n\t\t\t\t\t<div class=\"e-con-inner\">\n\t\t\t\t<div class=\"elementor-element elementor-element-f414458 elementor-widget elementor-widget-heading\" data-id=\"f414458\" data-element_type=\"widget\" data-e-type=\"widget\" data-widget_type=\"heading.default\">\n\t\t\t\t<div class=\"elementor-widget-container\">\n\t\t\t\t\t<h2 class=\"elementor-heading-title elementor-size-default\">NUESTRO TRABAJO<\/h2>\t\t\t\t<\/div>\n\t\t\t\t<\/div>\n\t\t\t\t<div class=\"elementor-element elementor-element-22f5830 elementor-widget elementor-widget-text-editor\" data-id=\"22f5830\" data-element_type=\"widget\" data-e-type=\"widget\" data-widget_type=\"text-editor.default\">\n\t\t\t\t<div class=\"elementor-widget-container\">\n\t\t\t\t\t\t\t\t\t<p>Revisa algunos de nuestros proyectos recientes de dise\u00f1o web<\/p>\t\t\t\t\t\t\t\t<\/div>\n\t\t\t\t<\/div>\n\t\t<div class=\"elementor-element elementor-element-8ece764 e-flex e-con-boxed e-con e-child\" data-id=\"8ece764\" data-element_type=\"container\" data-e-type=\"container\">\n\t\t\t\t\t<div class=\"e-con-inner\">\n\t\t\t\t<div class=\"elementor-element elementor-element-1ab9e79 elementor-widget__width-initial elementor-widget-mobile__width-initial elementor-position-top elementor-widget elementor-widget-image-box\" data-id=\"1ab9e79\" data-element_type=\"widget\" data-e-type=\"widget\" data-widget_type=\"image-box.default\">\n\t\t\t\t<div class=\"elementor-widget-container\">\n\t\t\t\t\t<div class=\"elementor-image-box-wrapper\"><figure class=\"elementor-image-box-img\"><a href=\"https:\/\/www.supergruas.com\/\" target=\"_blank\" tabindex=\"-1\"><img fetchpriority=\"high\" decoding=\"async\" width=\"720\" height=\"241\" src=\"https:\/\/shark360.com.co\/wp-content\/uploads\/2025\/07\/web-shark360-design-hosting-creative.png\" class=\"attachment-large size-large wp-image-1028\" alt=\"\" srcset=\"https:\/\/shark360.com.co\/wp-content\/uploads\/2025\/07\/web-shark360-design-hosting-creative.png 720w, https:\/\/shark360.com.co\/wp-content\/uploads\/2025\/07\/web-shark360-design-hosting-creative-300x100.png 300w\" sizes=\"(max-width: 720px) 100vw, 720px\" \/><\/a><\/figure><div class=\"elementor-image-box-content\"><h4 class=\"elementor-image-box-title\"><a href=\"https:\/\/www.supergruas.com\/\" target=\"_blank\">SUPERGRUAS<br>Heavy Lifting &amp; Transport Experts<\/a><\/h4><p class=\"elementor-image-box-description\">Crane rental and heavy transport solutions for industrial and construction sectors. Safe, efficient, and reliable operations across Colombia.\n\n<\/p><\/div><\/div>\t\t\t\t<\/div>\n\t\t\t\t<\/div>\n\t\t\t\t<div class=\"elementor-element elementor-element-b12c67a elementor-widget__width-initial elementor-widget-mobile__width-initial elementor-position-top elementor-widget elementor-widget-image-box\" data-id=\"b12c67a\" data-element_type=\"widget\" data-e-type=\"widget\" data-widget_type=\"image-box.default\">\n\t\t\t\t<div class=\"elementor-widget-container\">\n\t\t\t\t\t<div class=\"elementor-image-box-wrapper\"><figure class=\"elementor-image-box-img\"><a href=\"https:\/\/tuandamio.shark360.com.co\/\" target=\"_blank\" tabindex=\"-1\"><img decoding=\"async\" width=\"720\" height=\"249\" src=\"https:\/\/shark360.com.co\/wp-content\/uploads\/2025\/07\/tuandamio.co-shark360-web-design-hosting-work.png\" class=\"attachment-large size-large wp-image-1036\" alt=\"\" srcset=\"https:\/\/shark360.com.co\/wp-content\/uploads\/2025\/07\/tuandamio.co-shark360-web-design-hosting-work.png 720w, https:\/\/shark360.com.co\/wp-content\/uploads\/2025\/07\/tuandamio.co-shark360-web-design-hosting-work-300x104.png 300w\" sizes=\"(max-width: 720px) 100vw, 720px\" \/><\/a><\/figure><div class=\"elementor-image-box-content\"><h4 class=\"elementor-image-box-title\"><a href=\"https:\/\/tuandamio.shark360.com.co\/\" target=\"_blank\">TUANDAMIO.COM<br>Certified Scaffolding <\/a><\/h4><p class=\"elementor-image-box-description\">Certified scaffolding, ladders, and lifting equipment for construction, industry, and events. Safe, efficient, and available nationwide.<\/p><\/div><\/div>\t\t\t\t<\/div>\n\t\t\t\t<\/div>\n\t\t\t\t<div class=\"elementor-element elementor-element-4a4e939 elementor-widget__width-initial elementor-widget-mobile__width-initial elementor-position-top elementor-widget elementor-widget-image-box\" data-id=\"4a4e939\" data-element_type=\"widget\" data-e-type=\"widget\" data-widget_type=\"image-box.default\">\n\t\t\t\t<div class=\"elementor-widget-container\">\n\t\t\t\t\t<div class=\"elementor-image-box-wrapper\"><figure class=\"elementor-image-box-img\"><a href=\"https:\/\/vadii.org\/\" target=\"_blank\" tabindex=\"-1\"><img decoding=\"async\" width=\"1896\" height=\"859\" src=\"https:\/\/shark360.com.co\/wp-content\/uploads\/2025\/05\/Vadii-shark360-webpage-online-store-design.png\" class=\"attachment-full size-full wp-image-561\" alt=\"\" srcset=\"https:\/\/shark360.com.co\/wp-content\/uploads\/2025\/05\/Vadii-shark360-webpage-online-store-design.png 1896w, https:\/\/shark360.com.co\/wp-content\/uploads\/2025\/05\/Vadii-shark360-webpage-online-store-design-300x136.png 300w, https:\/\/shark360.com.co\/wp-content\/uploads\/2025\/05\/Vadii-shark360-webpage-online-store-design-1024x464.png 1024w, https:\/\/shark360.com.co\/wp-content\/uploads\/2025\/05\/Vadii-shark360-webpage-online-store-design-768x348.png 768w, https:\/\/shark360.com.co\/wp-content\/uploads\/2025\/05\/Vadii-shark360-webpage-online-store-design-1536x696.png 1536w\" sizes=\"(max-width: 1896px) 100vw, 1896px\" \/><\/a><\/figure><div class=\"elementor-image-box-content\"><h4 class=\"elementor-image-box-title\"><a href=\"https:\/\/vadii.org\/\" target=\"_blank\">VADII <br>Online Store <\/a><\/h4><p class=\"elementor-image-box-description\">VADII is a bold and innovative clothing brand that celebrates the power of perseverance and resilience.<\/p><\/div><\/div>\t\t\t\t<\/div>\n\t\t\t\t<\/div>\n\t\t\t\t<div class=\"elementor-element elementor-element-85f90c6 elementor-widget__width-initial elementor-widget-mobile__width-initial elementor-position-top elementor-widget elementor-widget-image-box\" data-id=\"85f90c6\" data-element_type=\"widget\" data-e-type=\"widget\" data-widget_type=\"image-box.default\">\n\t\t\t\t<div class=\"elementor-widget-container\">\n\t\t\t\t\t<div class=\"elementor-image-box-wrapper\"><figure class=\"elementor-image-box-img\"><a href=\"https:\/\/ap23rs.com\/\" target=\"_blank\" tabindex=\"-1\"><img loading=\"lazy\" decoding=\"async\" width=\"1899\" height=\"854\" src=\"https:\/\/shark360.com.co\/wp-content\/uploads\/2025\/05\/website-wordpress-shark360-ap23rs-remote-drafting-usa.png\" class=\"attachment-full size-full wp-image-548\" alt=\"website wordpress shark360 ap23rs remote drafting usa\" srcset=\"https:\/\/shark360.com.co\/wp-content\/uploads\/2025\/05\/website-wordpress-shark360-ap23rs-remote-drafting-usa.png 1899w, https:\/\/shark360.com.co\/wp-content\/uploads\/2025\/05\/website-wordpress-shark360-ap23rs-remote-drafting-usa-300x135.png 300w, https:\/\/shark360.com.co\/wp-content\/uploads\/2025\/05\/website-wordpress-shark360-ap23rs-remote-drafting-usa-1024x461.png 1024w, https:\/\/shark360.com.co\/wp-content\/uploads\/2025\/05\/website-wordpress-shark360-ap23rs-remote-drafting-usa-768x345.png 768w, https:\/\/shark360.com.co\/wp-content\/uploads\/2025\/05\/website-wordpress-shark360-ap23rs-remote-drafting-usa-1536x691.png 1536w\" sizes=\"(max-width: 1899px) 100vw, 1899px\" \/><\/a><\/figure><div class=\"elementor-image-box-content\"><h4 class=\"elementor-image-box-title\"><a href=\"https:\/\/ap23rs.com\/\" target=\"_blank\">AP23 <br>Remote Services<\/a><\/h4><p class=\"elementor-image-box-description\">AP23 offers virtual AutoCAD, Revit, and BIM services with high quality and competitive pricing.<\/p><\/div><\/div>\t\t\t\t<\/div>\n\t\t\t\t<\/div>\n\t\t\t\t<div class=\"elementor-element elementor-element-f485e5a elementor-widget__width-initial elementor-widget-mobile__width-initial elementor-position-top elementor-widget elementor-widget-image-box\" data-id=\"f485e5a\" data-element_type=\"widget\" data-e-type=\"widget\" data-widget_type=\"image-box.default\">\n\t\t\t\t<div class=\"elementor-widget-container\">\n\t\t\t\t\t<div class=\"elementor-image-box-wrapper\"><figure class=\"elementor-image-box-img\"><a href=\"https:\/\/melekapparel.shark360.com.co\/\" target=\"_blank\" tabindex=\"-1\"><img loading=\"lazy\" decoding=\"async\" width=\"1901\" height=\"838\" src=\"https:\/\/shark360.com.co\/wp-content\/uploads\/2025\/05\/Captura-de-pantalla-2025-05-13-194037-1.png\" class=\"attachment-full size-full wp-image-556\" alt=\"\" srcset=\"https:\/\/shark360.com.co\/wp-content\/uploads\/2025\/05\/Captura-de-pantalla-2025-05-13-194037-1.png 1901w, https:\/\/shark360.com.co\/wp-content\/uploads\/2025\/05\/Captura-de-pantalla-2025-05-13-194037-1-300x132.png 300w, https:\/\/shark360.com.co\/wp-content\/uploads\/2025\/05\/Captura-de-pantalla-2025-05-13-194037-1-1024x451.png 1024w, https:\/\/shark360.com.co\/wp-content\/uploads\/2025\/05\/Captura-de-pantalla-2025-05-13-194037-1-768x339.png 768w, https:\/\/shark360.com.co\/wp-content\/uploads\/2025\/05\/Captura-de-pantalla-2025-05-13-194037-1-1536x677.png 1536w\" sizes=\"(max-width: 1901px) 100vw, 1901px\" \/><\/a><\/figure><div class=\"elementor-image-box-content\"><h4 class=\"elementor-image-box-title\"><a href=\"https:\/\/melekapparel.shark360.com.co\/\" target=\"_blank\">MELEK APPAREL<br>Online Store<\/a><\/h4><p class=\"elementor-image-box-description\">Melek is a bold and empowering brand symbolizing resilience and strength. The name \"Melek\" (\u05de\u05dc\u05da) means \"king\" in Hebrew, representing power and leadership.<\/p><\/div><\/div>\t\t\t\t<\/div>\n\t\t\t\t<\/div>\n\t\t\t\t<div class=\"elementor-element elementor-element-cd93be2 elementor-widget__width-initial elementor-widget-mobile__width-initial elementor-position-top elementor-widget elementor-widget-image-box\" data-id=\"cd93be2\" data-element_type=\"widget\" data-e-type=\"widget\" data-widget_type=\"image-box.default\">\n\t\t\t\t<div class=\"elementor-widget-container\">\n\t\t\t\t\t<div class=\"elementor-image-box-wrapper\"><figure class=\"elementor-image-box-img\"><a href=\"https:\/\/educacion.shark360.com.co\/\" target=\"_blank\" tabindex=\"-1\"><img loading=\"lazy\" decoding=\"async\" width=\"1896\" height=\"844\" src=\"https:\/\/shark360.com.co\/wp-content\/uploads\/2025\/05\/website-global-latinos-travel-agency-shark360-wordpress-design-1.png\" class=\"attachment-full size-full wp-image-569\" alt=\"\" srcset=\"https:\/\/shark360.com.co\/wp-content\/uploads\/2025\/05\/website-global-latinos-travel-agency-shark360-wordpress-design-1.png 1896w, https:\/\/shark360.com.co\/wp-content\/uploads\/2025\/05\/website-global-latinos-travel-agency-shark360-wordpress-design-1-300x134.png 300w, https:\/\/shark360.com.co\/wp-content\/uploads\/2025\/05\/website-global-latinos-travel-agency-shark360-wordpress-design-1-1024x456.png 1024w, https:\/\/shark360.com.co\/wp-content\/uploads\/2025\/05\/website-global-latinos-travel-agency-shark360-wordpress-design-1-768x342.png 768w, https:\/\/shark360.com.co\/wp-content\/uploads\/2025\/05\/website-global-latinos-travel-agency-shark360-wordpress-design-1-1536x684.png 1536w\" sizes=\"(max-width: 1896px) 100vw, 1896px\" \/><\/a><\/figure><div class=\"elementor-image-box-content\"><h4 class=\"elementor-image-box-title\"><a href=\"https:\/\/educacion.shark360.com.co\/\" target=\"_blank\">GLOBAL LATINOS<br>Travel Agency<\/a><\/h4><p class=\"elementor-image-box-description\">Global Latinos is an organization dedicated to helping Latinos travel abroad to learn English at the world's most prestigious language academies.<\/p><\/div><\/div>\t\t\t\t<\/div>\n\t\t\t\t<\/div>\n\t\t\t\t<div class=\"elementor-element elementor-element-0f8b45e elementor-widget__width-initial elementor-widget-mobile__width-initial elementor-position-top elementor-widget elementor-widget-image-box\" data-id=\"0f8b45e\" data-element_type=\"widget\" data-e-type=\"widget\" data-widget_type=\"image-box.default\">\n\t\t\t\t<div class=\"elementor-widget-container\">\n\t\t\t\t\t<div class=\"elementor-image-box-wrapper\"><figure class=\"elementor-image-box-img\"><a href=\"https:\/\/pensiona2.shark360.com.co\/\" target=\"_blank\" tabindex=\"-1\"><img loading=\"lazy\" decoding=\"async\" width=\"1899\" height=\"850\" src=\"https:\/\/shark360.com.co\/wp-content\/uploads\/2025\/05\/Pensiona2-law-firm-assisting-retirees-and-future-retirees-Website-Shark360-webdesign-usa-1.png\" class=\"attachment-full size-full wp-image-591\" alt=\"Pensiona2 law firm assisting retirees and future retirees Website Shark360 webdesign usa (1)\" srcset=\"https:\/\/shark360.com.co\/wp-content\/uploads\/2025\/05\/Pensiona2-law-firm-assisting-retirees-and-future-retirees-Website-Shark360-webdesign-usa-1.png 1899w, https:\/\/shark360.com.co\/wp-content\/uploads\/2025\/05\/Pensiona2-law-firm-assisting-retirees-and-future-retirees-Website-Shark360-webdesign-usa-1-300x134.png 300w, https:\/\/shark360.com.co\/wp-content\/uploads\/2025\/05\/Pensiona2-law-firm-assisting-retirees-and-future-retirees-Website-Shark360-webdesign-usa-1-1024x458.png 1024w, https:\/\/shark360.com.co\/wp-content\/uploads\/2025\/05\/Pensiona2-law-firm-assisting-retirees-and-future-retirees-Website-Shark360-webdesign-usa-1-768x344.png 768w, https:\/\/shark360.com.co\/wp-content\/uploads\/2025\/05\/Pensiona2-law-firm-assisting-retirees-and-future-retirees-Website-Shark360-webdesign-usa-1-1536x688.png 1536w\" sizes=\"(max-width: 1899px) 100vw, 1899px\" \/><\/a><\/figure><div class=\"elementor-image-box-content\"><h4 class=\"elementor-image-box-title\"><a href=\"https:\/\/pensiona2.shark360.com.co\/\" target=\"_blank\">PENSIONA2 <br>Law Firm<\/a><\/h4><p class=\"elementor-image-box-description\">Pensiona2 is a law firm specializing in helping retirees and future retirees understand and assert their pension rights under new pension legislation.<\/p><\/div><\/div>\t\t\t\t<\/div>\n\t\t\t\t<\/div>\n\t\t\t\t<div class=\"elementor-element elementor-element-dabb1cf elementor-widget__width-initial elementor-widget-mobile__width-initial elementor-position-top elementor-widget elementor-widget-image-box\" data-id=\"dabb1cf\" data-element_type=\"widget\" data-e-type=\"widget\" data-widget_type=\"image-box.default\">\n\t\t\t\t<div class=\"elementor-widget-container\">\n\t\t\t\t\t<div class=\"elementor-image-box-wrapper\"><figure class=\"elementor-image-box-img\"><a href=\"https:\/\/www.poliarkit.com\/\" target=\"_blank\" tabindex=\"-1\"><img loading=\"lazy\" decoding=\"async\" width=\"1892\" height=\"858\" src=\"https:\/\/shark360.com.co\/wp-content\/uploads\/2025\/05\/poliarkit-Construction-company-Hosting-web-design-wordpress-shark360.png\" class=\"attachment-full size-full wp-image-596\" alt=\"poliarkit Construction company Hosting web design wordpress shark360\" srcset=\"https:\/\/shark360.com.co\/wp-content\/uploads\/2025\/05\/poliarkit-Construction-company-Hosting-web-design-wordpress-shark360.png 1892w, https:\/\/shark360.com.co\/wp-content\/uploads\/2025\/05\/poliarkit-Construction-company-Hosting-web-design-wordpress-shark360-300x136.png 300w, https:\/\/shark360.com.co\/wp-content\/uploads\/2025\/05\/poliarkit-Construction-company-Hosting-web-design-wordpress-shark360-1024x464.png 1024w, https:\/\/shark360.com.co\/wp-content\/uploads\/2025\/05\/poliarkit-Construction-company-Hosting-web-design-wordpress-shark360-768x348.png 768w, https:\/\/shark360.com.co\/wp-content\/uploads\/2025\/05\/poliarkit-Construction-company-Hosting-web-design-wordpress-shark360-1536x697.png 1536w\" sizes=\"(max-width: 1892px) 100vw, 1892px\" \/><\/a><\/figure><div class=\"elementor-image-box-content\"><h4 class=\"elementor-image-box-title\"><a href=\"https:\/\/www.poliarkit.com\/\" target=\"_blank\">POLIARKIT <br>Construction company<\/a><\/h4><p class=\"elementor-image-box-description\">Poliarkit is a company specializing in construction solutions, offering self-supporting steel roof covers for a variety of building projects.<br><\/p><\/div><\/div>\t\t\t\t<\/div>\n\t\t\t\t<\/div>\n\t\t\t\t<div class=\"elementor-element elementor-element-fe38f44 elementor-widget__width-initial elementor-widget-mobile__width-initial elementor-position-top elementor-widget elementor-widget-image-box\" data-id=\"fe38f44\" data-element_type=\"widget\" data-e-type=\"widget\" data-widget_type=\"image-box.default\">\n\t\t\t\t<div class=\"elementor-widget-container\">\n\t\t\t\t\t<div class=\"elementor-image-box-wrapper\"><figure class=\"elementor-image-box-img\"><a href=\"https:\/\/www.polifibra.co\/\" target=\"_blank\" tabindex=\"-1\"><img loading=\"lazy\" decoding=\"async\" width=\"1898\" height=\"868\" src=\"https:\/\/shark360.com.co\/wp-content\/uploads\/2025\/05\/polifibra-Construction-company-Hosting-web-design-wordpress-shark360.png\" class=\"attachment-full size-full wp-image-597\" alt=\"\" srcset=\"https:\/\/shark360.com.co\/wp-content\/uploads\/2025\/05\/polifibra-Construction-company-Hosting-web-design-wordpress-shark360.png 1898w, https:\/\/shark360.com.co\/wp-content\/uploads\/2025\/05\/polifibra-Construction-company-Hosting-web-design-wordpress-shark360-300x137.png 300w, https:\/\/shark360.com.co\/wp-content\/uploads\/2025\/05\/polifibra-Construction-company-Hosting-web-design-wordpress-shark360-1024x468.png 1024w, https:\/\/shark360.com.co\/wp-content\/uploads\/2025\/05\/polifibra-Construction-company-Hosting-web-design-wordpress-shark360-768x351.png 768w, https:\/\/shark360.com.co\/wp-content\/uploads\/2025\/05\/polifibra-Construction-company-Hosting-web-design-wordpress-shark360-1536x702.png 1536w\" sizes=\"(max-width: 1898px) 100vw, 1898px\" \/><\/a><\/figure><div class=\"elementor-image-box-content\"><h4 class=\"elementor-image-box-title\"><a href=\"https:\/\/www.polifibra.co\/\" target=\"_blank\">POLIFIBRA <br>Construction company<\/a><\/h4><p class=\"elementor-image-box-description\">Polifibra is a synthetic multi-plastic fiber made from Polyolefins and PET, designed for easy integration into concrete, enhancing its strength and durability.<\/p><\/div><\/div>\t\t\t\t<\/div>\n\t\t\t\t<\/div>\n\t\t\t\t\t<\/div>\n\t\t\t\t<\/div>\n\t\t\t\t\t<\/div>\n\t\t\t\t<\/div>\n\t\t<div class=\"elementor-element elementor-element-e052b25 e-flex e-con-boxed e-con e-parent\" data-id=\"e052b25\" data-element_type=\"container\" data-e-type=\"container\">\n\t\t\t\t\t<div class=\"e-con-inner\">\n\t\t\t\t<div class=\"elementor-element elementor-element-da8eb93 elementor-widget__width-initial elementor-widget-mobile__width-initial elementor-view-default elementor-position-block-start elementor-mobile-position-block-start elementor-widget elementor-widget-icon-box\" data-id=\"da8eb93\" data-element_type=\"widget\" data-e-type=\"widget\" data-widget_type=\"icon-box.default\">\n\t\t\t\t<div class=\"elementor-widget-container\">\n\t\t\t\t\t\t\t<div class=\"elementor-icon-box-wrapper\">\n\n\t\t\t\t\t\t<div class=\"elementor-icon-box-icon\">\n\t\t\t\t<span  class=\"elementor-icon\">\n\t\t\t\t<svg aria-hidden=\"true\" class=\"e-font-icon-svg e-fas-fill-drip\" viewbox=\"0 0 576 512\" xmlns=\"http:\/\/www.w3.org\/2000\/svg\"><path d=\"M512 320s-64 92.65-64 128c0 35.35 28.66 64 64 64s64-28.65 64-64-64-128-64-128zm-9.37-102.94L294.94 9.37C288.69 3.12 280.5 0 272.31 0s-16.38 3.12-22.62 9.37l-81.58 81.58L81.93 4.76c-6.25-6.25-16.38-6.25-22.62 0L36.69 27.38c-6.24 6.25-6.24 16.38 0 22.62l86.19 86.18-94.76 94.76c-37.49 37.48-37.49 98.26 0 135.75l117.19 117.19c18.74 18.74 43.31 28.12 67.87 28.12 24.57 0 49.13-9.37 67.87-28.12l221.57-221.57c12.5-12.5 12.5-32.75.01-45.25zm-116.22 70.97H65.93c1.36-3.84 3.57-7.98 7.43-11.83l13.15-13.15 81.61-81.61 58.6 58.6c12.49 12.49 32.75 12.49 45.24 0s12.49-32.75 0-45.24l-58.6-58.6 58.95-58.95 162.44 162.44-48.34 48.34z\"><\/path><\/svg>\t\t\t\t<\/span>\n\t\t\t<\/div>\n\t\t\t\n\t\t\t\t\t\t<div class=\"elementor-icon-box-content\">\n\n\t\t\t\t\t\t\t\t\t<h3 class=\"elementor-icon-box-title\">\n\t\t\t\t\t\t<span  >\n\t\t\t\t\t\t\tPersonalizada\t\t\t\t\t\t<\/span>\n\t\t\t\t\t<\/h3>\n\t\t\t\t\n\t\t\t\t\t\t\t\t\t<p class=\"elementor-icon-box-description\">\n\t\t\t\t\t\tDise\u00f1os \u00fanicos que reflejan la identidad de cada cliente.\t\t\t\t\t<\/p>\n\t\t\t\t\n\t\t\t<\/div>\n\t\t\t\n\t\t<\/div>\n\t\t\t\t\t\t<\/div>\n\t\t\t\t<\/div>\n\t\t\t\t<div class=\"elementor-element elementor-element-5c4d2cc elementor-widget__width-initial elementor-widget-mobile__width-initial elementor-view-default elementor-position-block-start elementor-mobile-position-block-start elementor-widget elementor-widget-icon-box\" data-id=\"5c4d2cc\" data-element_type=\"widget\" data-e-type=\"widget\" data-widget_type=\"icon-box.default\">\n\t\t\t\t<div class=\"elementor-widget-container\">\n\t\t\t\t\t\t\t<div class=\"elementor-icon-box-wrapper\">\n\n\t\t\t\t\t\t<div class=\"elementor-icon-box-icon\">\n\t\t\t\t<span  class=\"elementor-icon\">\n\t\t\t\t<svg aria-hidden=\"true\" class=\"e-font-icon-svg e-far-grin-stars\" viewbox=\"0 0 496 512\" xmlns=\"http:\/\/www.w3.org\/2000\/svg\"><path d=\"M248 8C111 8 0 119 0 256s111 248 248 248 248-111 248-248S385 8 248 8zm0 448c-110.3 0-200-89.7-200-200S137.7 56 248 56s200 89.7 200 200-89.7 200-200 200zm105.6-151.4c-25.9 8.3-64.4 13.1-105.6 13.1s-79.6-4.8-105.6-13.1c-9.8-3.1-19.4 5.3-17.7 15.3 7.9 47.2 71.3 80 123.3 80s115.3-32.9 123.3-80c1.6-9.8-7.7-18.4-17.7-15.3zm-227.9-57.5c-1 6.2 5.4 11 11 7.9l31.3-16.3 31.3 16.3c5.6 3.1 12-1.7 11-7.9l-6-34.9 25.4-24.6c4.5-4.5 1.9-12.2-4.3-13.2l-34.9-5-15.5-31.6c-2.9-5.8-11-5.8-13.9 0l-15.5 31.6-34.9 5c-6.2.9-8.9 8.6-4.3 13.2l25.4 24.6-6.1 34.9zm259.7-72.7l-34.9-5-15.5-31.6c-2.9-5.8-11-5.8-13.9 0l-15.5 31.6-34.9 5c-6.2.9-8.9 8.6-4.3 13.2l25.4 24.6-6 34.9c-1 6.2 5.4 11 11 7.9l31.3-16.3 31.3 16.3c5.6 3.1 12-1.7 11-7.9l-6-34.9 25.4-24.6c4.5-4.6 1.8-12.2-4.4-13.2z\"><\/path><\/svg>\t\t\t\t<\/span>\n\t\t\t<\/div>\n\t\t\t\n\t\t\t\t\t\t<div class=\"elementor-icon-box-content\">\n\n\t\t\t\t\t\t\t\t\t<h3 class=\"elementor-icon-box-title\">\n\t\t\t\t\t\t<span  >\n\t\t\t\t\t\t\tFuncionalidad\t\t\t\t\t\t<\/span>\n\t\t\t\t\t<\/h3>\n\t\t\t\t\n\t\t\t\t\t\t\t\t\t<p class=\"elementor-icon-box-description\">\n\t\t\t\t\t\tNavegaci\u00f3n sencilla y acceso r\u00e1pido a la informaci\u00f3n.\n\t\t\t\t\t<\/p>\n\t\t\t\t\n\t\t\t<\/div>\n\t\t\t\n\t\t<\/div>\n\t\t\t\t\t\t<\/div>\n\t\t\t\t<\/div>\n\t\t\t\t<div class=\"elementor-element elementor-element-c12c188 elementor-widget__width-initial elementor-widget-mobile__width-initial elementor-view-default elementor-position-block-start elementor-mobile-position-block-start elementor-widget elementor-widget-icon-box\" data-id=\"c12c188\" data-element_type=\"widget\" data-e-type=\"widget\" data-widget_type=\"icon-box.default\">\n\t\t\t\t<div class=\"elementor-widget-container\">\n\t\t\t\t\t\t\t<div class=\"elementor-icon-box-wrapper\">\n\n\t\t\t\t\t\t<div class=\"elementor-icon-box-icon\">\n\t\t\t\t<span  class=\"elementor-icon\">\n\t\t\t\t<svg aria-hidden=\"true\" class=\"e-font-icon-svg e-fas-mobile\" viewbox=\"0 0 320 512\" xmlns=\"http:\/\/www.w3.org\/2000\/svg\"><path d=\"M272 0H48C21.5 0 0 21.5 0 48v416c0 26.5 21.5 48 48 48h224c26.5 0 48-21.5 48-48V48c0-26.5-21.5-48-48-48zM160 480c-17.7 0-32-14.3-32-32s14.3-32 32-32 32 14.3 32 32-14.3 32-32 32z\"><\/path><\/svg>\t\t\t\t<\/span>\n\t\t\t<\/div>\n\t\t\t\n\t\t\t\t\t\t<div class=\"elementor-icon-box-content\">\n\n\t\t\t\t\t\t\t\t\t<h3 class=\"elementor-icon-box-title\">\n\t\t\t\t\t\t<span  >\n\t\t\t\t\t\t\tCompatibilidad\t\t\t\t\t\t<\/span>\n\t\t\t\t\t<\/h3>\n\t\t\t\t\n\t\t\t\t\t\t\t\t\t<p class=\"elementor-icon-box-description\">\n\t\t\t\t\t\tInnovaci\u00f3n y compatibilidad en todos los dispositivos.\t\t\t\t\t<\/p>\n\t\t\t\t\n\t\t\t<\/div>\n\t\t\t\n\t\t<\/div>\n\t\t\t\t\t\t<\/div>\n\t\t\t\t<\/div>\n\t\t\t\t\t<\/div>\n\t\t\t\t<\/div>\n\t\t\t\t<\/div>","protected":false},"excerpt":{"rendered":"<p>OUR WORK Check our some of our recent web design projects SUPERGRUASHeavy Lifting &#038; Transport Experts Crane rental and heavy transport solutions for industrial and construction sectors. Safe, efficient, and reliable operations across Colombia. TUANDAMIO.COMCertified Scaffolding Certified scaffolding, ladders, and lifting equipment for construction, industry, and events. Safe, efficient, and available nationwide. VADII Online Store [&hellip;]<\/p>","protected":false},"author":1,"featured_media":0,"parent":0,"menu_order":0,"comment_status":"closed","ping_status":"closed","template":"","meta":{"footnotes":""},"class_list":["post-37","page","type-page","status-publish","hentry"],"_links":{"self":[{"href":"https:\/\/shark360.com.co\/es\/wp-json\/wp\/v2\/pages\/37","targetHints":{"allow":["GET"]}}],"collection":[{"href":"https:\/\/shark360.com.co\/es\/wp-json\/wp\/v2\/pages"}],"about":[{"href":"https:\/\/shark360.com.co\/es\/wp-json\/wp\/v2\/types\/page"}],"author":[{"embeddable":true,"href":"https:\/\/shark360.com.co\/es\/wp-json\/wp\/v2\/users\/1"}],"replies":[{"embeddable":true,"href":"https:\/\/shark360.com.co\/es\/wp-json\/wp\/v2\/comments?post=37"}],"version-history":[{"count":142,"href":"https:\/\/shark360.com.co\/es\/wp-json\/wp\/v2\/pages\/37\/revisions"}],"predecessor-version":[{"id":1071,"href":"https:\/\/shark360.com.co\/es\/wp-json\/wp\/v2\/pages\/37\/revisions\/1071"}],"wp:attachment":[{"href":"https:\/\/shark360.com.co\/es\/wp-json\/wp\/v2\/media?parent=37"}],"curies":[{"name":"wp","href":"https:\/\/api.w.org\/{rel}","templated":true}]}}